{"id":1064,"date":"2024-10-21T21:19:50","date_gmt":"2024-10-21T19:19:50","guid":{"rendered":"https:\/\/www.bahgatfarms.com\/?post_type=product&#038;p=1064"},"modified":"2025-11-13T16:15:03","modified_gmt":"2025-11-13T14:15:03","slug":"%d8%b9%d8%b3%d9%84-%d8%b9%d8%b6%d9%88%d9%8a-950-%d8%ac%d8%b1%d8%a7%d9%85","status":"publish","type":"product","link":"http:\/\/www.bahgatfarms.com\/fr\/produit\/%d8%b9%d8%b3%d9%84-%d8%b9%d8%b6%d9%88%d9%8a-950-%d8%ac%d8%b1%d8%a7%d9%85\/","title":{"rendered":"Miel naturel 950 gr"},"content":{"rendered":"<p>Miel \u00e9gyptien naturel \u00e0 100% de notre ferme, une source riche en \u00e9nergie. Il se fige \u00e0 une temp\u00e9rature inf\u00e9rieure \u00e0 20\u00b0C et peut \u00eatre restaur\u00e9 \u00e0 son \u00e9tat liquide en le pla\u00e7ant dans de l'eau ti\u00e8de.<\/p>","protected":false},"excerpt":{"rendered":"<p>Miel \u00e9gyptien naturel \u00e0 100% de notre ferme, une source riche en \u00e9nergie. Il se fige \u00e0 une temp\u00e9rature inf\u00e9rieure \u00e0 20\u00b0C et peut \u00eatre restaur\u00e9 \u00e0 son \u00e9tat liquide en le pla\u00e7ant dans de l'eau ti\u00e8de.<\/p>","protected":false},"featured_media":1777,"comment_status":"closed","ping_status":"closed","template":"","meta":[],"product_brand":[],"product_cat":[31],"product_tag":[],"class_list":{"0":"post-1064","1":"product","2":"type-product","3":"status-publish","4":"has-post-thumbnail","6":"product_cat-31","8":"first","9":"instock","10":"taxable","11":"shipping-taxable","12":"purchasable","13":"product-type-simple"},"yoast_head":"<!-- This site is optimized with the Yoast SEO plugin v24.5 - https:\/\/yoast.com\/wordpress\/plugins\/seo\/ -->\n<title>\u0639\u0633\u0644 \u0639\u0636\u0648\u064a 950 \u062c\u0631\u0627\u0645 \u0645\u0646 \u0645\u0632\u0627\u0631\u0639 \u0628\u0647\u062c\u062a<\/title>\n<meta name=\"description\" content=\"\u0639\u0633\u0644 \u0645\u0635\u0631\u064a \u0637\u0628\u064a\u0639\u064a 100% \u0645\u0646 \u0645\u0632\u0631\u0639\u062a\u0646\u0627\u060c \u0645\u0635\u062f\u0631 \u063a\u0646\u064a \u0644\u0644\u0637\u0627\u0642\u0629. \u0648\u064a\u062a\u062c\u0645\u062f \u0639\u0646\u062f \u062f\u0631\u062c\u0629 \u062d\u0631\u0627\u0631\u0629 \u0623\u0642\u0644 \u0645\u0646 20 \u062f\u0631\u062c\u0629 \u0645\u0626\u0648\u064a\u0629 \u0648\u064a\u0645\u0643\u0646 \u0627\u0633\u062a\u0639\u0627\u062f\u062a\u0647 \u0625\u0644\u0649 \u062d\u0627\u0644\u062a\u0647 \u0627\u0644\u0633\u0627\u0626\u0644\u0629 \u0628\u0648\u0636\u0639\u0647 \u0641\u064a \u0645\u0627\u0621 \u062f\u0627\u0641\u0626.\" \/>\n<meta name=\"robots\" content=\"index, follow, max-snippet:-1, max-image-preview:large, max-video-preview:-1\" \/>\n<link rel=\"canonical\" href=\"http:\/\/www.bahgatfarms.com\/fr\/produit\/\u0639\u0633\u0644-\u0639\u0636\u0648\u064a-950-\u062c\u0631\u0627\u0645\/\" \/>\n<meta property=\"og:locale\" content=\"fr_FR\" \/>\n<meta property=\"og:type\" content=\"article\" \/>\n<meta property=\"og:title\" content=\"\u0639\u0633\u0644 \u0639\u0636\u0648\u064a 950 \u062c\u0631\u0627\u0645 \u0645\u0646 \u0645\u0632\u0627\u0631\u0639 \u0628\u0647\u062c\u062a\" \/>\n<meta property=\"og:description\" content=\"\u0639\u0633\u0644 \u0645\u0635\u0631\u064a \u0637\u0628\u064a\u0639\u064a 100% \u0645\u0646 \u0645\u0632\u0631\u0639\u062a\u0646\u0627\u060c \u0645\u0635\u062f\u0631 \u063a\u0646\u064a \u0644\u0644\u0637\u0627\u0642\u0629. \u0648\u064a\u062a\u062c\u0645\u062f \u0639\u0646\u062f \u062f\u0631\u062c\u0629 \u062d\u0631\u0627\u0631\u0629 \u0623\u0642\u0644 \u0645\u0646 20 \u062f\u0631\u062c\u0629 \u0645\u0626\u0648\u064a\u0629 \u0648\u064a\u0645\u0643\u0646 \u0627\u0633\u062a\u0639\u0627\u062f\u062a\u0647 \u0625\u0644\u0649 \u062d\u0627\u0644\u062a\u0647 \u0627\u0644\u0633\u0627\u0626\u0644\u0629 \u0628\u0648\u0636\u0639\u0647 \u0641\u064a \u0645\u0627\u0621 \u062f\u0627\u0641\u0626.\" \/>\n<meta property=\"og:url\" content=\"http:\/\/www.bahgatfarms.com\/fr\/produit\/\u0639\u0633\u0644-\u0639\u0636\u0648\u064a-950-\u062c\u0631\u0627\u0645\/\" \/>\n<meta property=\"og:site_name\" content=\"\u0645\u0632\u0627\u0631\u0639 \u0628\u0647\u062c\u062a\" \/>\n<meta property=\"article:modified_time\" content=\"2025-11-13T14:15:03+00:00\" \/>\n<meta property=\"og:image\" content=\"http:\/\/www.bahgatfarms.com\/wp-content\/uploads\/2024\/10\/\u0639\u0633\u0644-1.jpg\" \/>\n\t<meta property=\"og:image:width\" content=\"1062\" \/>\n\t<meta property=\"og:image:height\" content=\"1600\" \/>\n\t<meta property=\"og:image:type\" content=\"image\/jpeg\" \/>\n<meta name=\"twitter:card\" content=\"summary_large_image\" \/>\n<meta name=\"twitter:label1\" content=\"Dur\u00e9e de lecture estim\u00e9e\" \/>\n\t<meta name=\"twitter:data1\" content=\"1 minute\" \/>\n<script type=\"application\/ld+json\" class=\"yoast-schema-graph\">{\"@context\":\"https:\/\/schema.org\",\"@graph\":[{\"@type\":\"WebPage\",\"@id\":\"http:\/\/www.bahgatfarms.com\/fr\/produit\/%d8%b9%d8%b3%d9%84-%d8%b9%d8%b6%d9%88%d9%8a-950-%d8%ac%d8%b1%d8%a7%d9%85\/\",\"url\":\"http:\/\/www.bahgatfarms.com\/fr\/produit\/%d8%b9%d8%b3%d9%84-%d8%b9%d8%b6%d9%88%d9%8a-950-%d8%ac%d8%b1%d8%a7%d9%85\/\",\"name\":\"\u0639\u0633\u0644 \u0639\u0636\u0648\u064a 950 \u062c\u0631\u0627\u0645 \u0645\u0646 \u0645\u0632\u0627\u0631\u0639 \u0628\u0647\u062c\u062a\",\"isPartOf\":{\"@id\":\"http:\/\/www.bahgatfarms.com\/#website\"},\"primaryImageOfPage\":{\"@id\":\"http:\/\/www.bahgatfarms.com\/fr\/produit\/%d8%b9%d8%b3%d9%84-%d8%b9%d8%b6%d9%88%d9%8a-950-%d8%ac%d8%b1%d8%a7%d9%85\/#primaryimage\"},\"image\":{\"@id\":\"http:\/\/www.bahgatfarms.com\/fr\/produit\/%d8%b9%d8%b3%d9%84-%d8%b9%d8%b6%d9%88%d9%8a-950-%d8%ac%d8%b1%d8%a7%d9%85\/#primaryimage\"},\"thumbnailUrl\":\"http:\/\/www.bahgatfarms.com\/wp-content\/uploads\/2024\/10\/\u0639\u0633\u0644-1.jpg\",\"datePublished\":\"2024-10-21T19:19:50+00:00\",\"dateModified\":\"2025-11-13T14:15:03+00:00\",\"description\":\"\u0639\u0633\u0644 \u0645\u0635\u0631\u064a \u0637\u0628\u064a\u0639\u064a 100% \u0645\u0646 \u0645\u0632\u0631\u0639\u062a\u0646\u0627\u060c \u0645\u0635\u062f\u0631 \u063a\u0646\u064a \u0644\u0644\u0637\u0627\u0642\u0629. \u0648\u064a\u062a\u062c\u0645\u062f \u0639\u0646\u062f \u062f\u0631\u062c\u0629 \u062d\u0631\u0627\u0631\u0629 \u0623\u0642\u0644 \u0645\u0646 20 \u062f\u0631\u062c\u0629 \u0645\u0626\u0648\u064a\u0629 \u0648\u064a\u0645\u0643\u0646 \u0627\u0633\u062a\u0639\u0627\u062f\u062a\u0647 \u0625\u0644\u0649 \u062d\u0627\u0644\u062a\u0647 \u0627\u0644\u0633\u0627\u0626\u0644\u0629 \u0628\u0648\u0636\u0639\u0647 \u0641\u064a \u0645\u0627\u0621 \u062f\u0627\u0641\u0626.\",\"breadcrumb\":{\"@id\":\"http:\/\/www.bahgatfarms.com\/fr\/produit\/%d8%b9%d8%b3%d9%84-%d8%b9%d8%b6%d9%88%d9%8a-950-%d8%ac%d8%b1%d8%a7%d9%85\/#breadcrumb\"},\"inLanguage\":\"fr-FR\",\"potentialAction\":[{\"@type\":\"ReadAction\",\"target\":[\"http:\/\/www.bahgatfarms.com\/fr\/produit\/%d8%b9%d8%b3%d9%84-%d8%b9%d8%b6%d9%88%d9%8a-950-%d8%ac%d8%b1%d8%a7%d9%85\/\"]}]},{\"@type\":\"ImageObject\",\"inLanguage\":\"fr-FR\",\"@id\":\"http:\/\/www.bahgatfarms.com\/fr\/produit\/%d8%b9%d8%b3%d9%84-%d8%b9%d8%b6%d9%88%d9%8a-950-%d8%ac%d8%b1%d8%a7%d9%85\/#primaryimage\",\"url\":\"http:\/\/www.bahgatfarms.com\/wp-content\/uploads\/2024\/10\/\u0639\u0633\u0644-1.jpg\",\"contentUrl\":\"http:\/\/www.bahgatfarms.com\/wp-content\/uploads\/2024\/10\/\u0639\u0633\u0644-1.jpg\",\"width\":1062,\"height\":1600,\"caption\":\"\u0639\u0633\u0644 \u0637\u0628\u064a\u0639\u064a 950 \u062c\u0631\u0627\u0645\"},{\"@type\":\"BreadcrumbList\",\"@id\":\"http:\/\/www.bahgatfarms.com\/fr\/produit\/%d8%b9%d8%b3%d9%84-%d8%b9%d8%b6%d9%88%d9%8a-950-%d8%ac%d8%b1%d8%a7%d9%85\/#breadcrumb\",\"itemListElement\":[{\"@type\":\"ListItem\",\"position\":1,\"name\":\"Home\",\"item\":\"http:\/\/www.bahgatfarms.com\/\"},{\"@type\":\"ListItem\",\"position\":2,\"name\":\"\u0627\u0644\u0645\u0646\u062a\u062c\u0627\u062a\",\"item\":\"https:\/\/www.bahgatfarms.com\/shop\/\"},{\"@type\":\"ListItem\",\"position\":3,\"name\":\"\u0639\u0633\u0644 \u0637\u0628\u064a\u0639\u064a 950 \u062c\u0631\u0627\u0645\"}]},{\"@type\":\"WebSite\",\"@id\":\"http:\/\/www.bahgatfarms.com\/#website\",\"url\":\"http:\/\/www.bahgatfarms.com\/\",\"name\":\"\u0645\u0632\u0627\u0631\u0639 \u0628\u0647\u062c\u062a\",\"description\":\"\u0627\u0633\u062a\u0645\u062a\u0639 \u0628\u0623\u0641\u0636\u0644 \u062c\u0648\u062f\u0629 \u0644\u0632\u064a\u062a \u0627\u0644\u0632\u064a\u062a\u0648\u0646 \u0648\u0627\u0644\u0639\u0633\u0644 \u0627\u0644\u0637\u0628\u064a\u0639\u064a \u0648\u0627\u0644\u0644\u062d\u0648\u0645 \u0627\u0644\u0637\u0627\u0632\u062c\u0629. \u0646\u062d\u0646 \u0646\u0642\u062f\u0645 \u0645\u0646\u062a\u062c\u0627\u062a \u0637\u0628\u064a\u0639\u064a\u0629 \u0639\u0627\u0644\u064a\u0629 \u0627\u0644\u062c\u0648\u062f\u0629 \u0645\u0639 \u062a\u0648\u0635\u064a\u0644 \u0633\u0631\u064a\u0639.\",\"publisher\":{\"@id\":\"http:\/\/www.bahgatfarms.com\/#organization\"},\"potentialAction\":[{\"@type\":\"SearchAction\",\"target\":{\"@type\":\"EntryPoint\",\"urlTemplate\":\"http:\/\/www.bahgatfarms.com\/?s={search_term_string}\"},\"query-input\":{\"@type\":\"PropertyValueSpecification\",\"valueRequired\":true,\"valueName\":\"search_term_string\"}}],\"inLanguage\":\"fr-FR\"},{\"@type\":\"Organization\",\"@id\":\"http:\/\/www.bahgatfarms.com\/#organization\",\"name\":\"\u0645\u0632\u0627\u0631\u0639 \u0628\u0647\u062c\u062a\",\"url\":\"http:\/\/www.bahgatfarms.com\/\",\"logo\":{\"@type\":\"ImageObject\",\"inLanguage\":\"fr-FR\",\"@id\":\"http:\/\/www.bahgatfarms.com\/#\/schema\/logo\/image\/\",\"url\":\"http:\/\/www.bahgatfarms.com\/wp-content\/uploads\/2024\/10\/v2.png\",\"contentUrl\":\"http:\/\/www.bahgatfarms.com\/wp-content\/uploads\/2024\/10\/v2.png\",\"width\":1042,\"height\":1042,\"caption\":\"\u0645\u0632\u0627\u0631\u0639 \u0628\u0647\u062c\u062a\"},\"image\":{\"@id\":\"http:\/\/www.bahgatfarms.com\/#\/schema\/logo\/image\/\"}}]}<\/script>\n<!-- \/ Yoast SEO plugin. -->","yoast_head_json":{"title":"\u0639\u0633\u0644 \u0639\u0636\u0648\u064a 950 \u062c\u0631\u0627\u0645 \u0645\u0646 \u0645\u0632\u0627\u0631\u0639 \u0628\u0647\u062c\u062a","description":"\u0639\u0633\u0644 \u0645\u0635\u0631\u064a \u0637\u0628\u064a\u0639\u064a 100% \u0645\u0646 \u0645\u0632\u0631\u0639\u062a\u0646\u0627\u060c \u0645\u0635\u062f\u0631 \u063a\u0646\u064a \u0644\u0644\u0637\u0627\u0642\u0629. \u0648\u064a\u062a\u062c\u0645\u062f \u0639\u0646\u062f \u062f\u0631\u062c\u0629 \u062d\u0631\u0627\u0631\u0629 \u0623\u0642\u0644 \u0645\u0646 20 \u062f\u0631\u062c\u0629 \u0645\u0626\u0648\u064a\u0629 \u0648\u064a\u0645\u0643\u0646 \u0627\u0633\u062a\u0639\u0627\u062f\u062a\u0647 \u0625\u0644\u0649 \u062d\u0627\u0644\u062a\u0647 \u0627\u0644\u0633\u0627\u0626\u0644\u0629 \u0628\u0648\u0636\u0639\u0647 \u0641\u064a \u0645\u0627\u0621 \u062f\u0627\u0641\u0626.","robots":{"index":"index","follow":"follow","max-snippet":"max-snippet:-1","max-image-preview":"max-image-preview:large","max-video-preview":"max-video-preview:-1"},"canonical":"http:\/\/www.bahgatfarms.com\/fr\/produit\/\u0639\u0633\u0644-\u0639\u0636\u0648\u064a-950-\u062c\u0631\u0627\u0645\/","og_locale":"fr_FR","og_type":"article","og_title":"\u0639\u0633\u0644 \u0639\u0636\u0648\u064a 950 \u062c\u0631\u0627\u0645 \u0645\u0646 \u0645\u0632\u0627\u0631\u0639 \u0628\u0647\u062c\u062a","og_description":"\u0639\u0633\u0644 \u0645\u0635\u0631\u064a \u0637\u0628\u064a\u0639\u064a 100% \u0645\u0646 \u0645\u0632\u0631\u0639\u062a\u0646\u0627\u060c \u0645\u0635\u062f\u0631 \u063a\u0646\u064a \u0644\u0644\u0637\u0627\u0642\u0629. \u0648\u064a\u062a\u062c\u0645\u062f \u0639\u0646\u062f \u062f\u0631\u062c\u0629 \u062d\u0631\u0627\u0631\u0629 \u0623\u0642\u0644 \u0645\u0646 20 \u062f\u0631\u062c\u0629 \u0645\u0626\u0648\u064a\u0629 \u0648\u064a\u0645\u0643\u0646 \u0627\u0633\u062a\u0639\u0627\u062f\u062a\u0647 \u0625\u0644\u0649 \u062d\u0627\u0644\u062a\u0647 \u0627\u0644\u0633\u0627\u0626\u0644\u0629 \u0628\u0648\u0636\u0639\u0647 \u0641\u064a \u0645\u0627\u0621 \u062f\u0627\u0641\u0626.","og_url":"http:\/\/www.bahgatfarms.com\/fr\/produit\/\u0639\u0633\u0644-\u0639\u0636\u0648\u064a-950-\u062c\u0631\u0627\u0645\/","og_site_name":"\u0645\u0632\u0627\u0631\u0639 \u0628\u0647\u062c\u062a","article_modified_time":"2025-11-13T14:15:03+00:00","og_image":[{"width":1062,"height":1600,"url":"http:\/\/www.bahgatfarms.com\/wp-content\/uploads\/2024\/10\/\u0639\u0633\u0644-1.jpg","type":"image\/jpeg"}],"twitter_card":"summary_large_image","twitter_misc":{"Dur\u00e9e de lecture estim\u00e9e":"1 minute"},"schema":{"@context":"https:\/\/schema.org","@graph":[{"@type":"WebPage","@id":"http:\/\/www.bahgatfarms.com\/fr\/produit\/%d8%b9%d8%b3%d9%84-%d8%b9%d8%b6%d9%88%d9%8a-950-%d8%ac%d8%b1%d8%a7%d9%85\/","url":"http:\/\/www.bahgatfarms.com\/fr\/produit\/%d8%b9%d8%b3%d9%84-%d8%b9%d8%b6%d9%88%d9%8a-950-%d8%ac%d8%b1%d8%a7%d9%85\/","name":"\u0639\u0633\u0644 \u0639\u0636\u0648\u064a 950 \u062c\u0631\u0627\u0645 \u0645\u0646 \u0645\u0632\u0627\u0631\u0639 \u0628\u0647\u062c\u062a","isPartOf":{"@id":"http:\/\/www.bahgatfarms.com\/#website"},"primaryImageOfPage":{"@id":"http:\/\/www.bahgatfarms.com\/fr\/produit\/%d8%b9%d8%b3%d9%84-%d8%b9%d8%b6%d9%88%d9%8a-950-%d8%ac%d8%b1%d8%a7%d9%85\/#primaryimage"},"image":{"@id":"http:\/\/www.bahgatfarms.com\/fr\/produit\/%d8%b9%d8%b3%d9%84-%d8%b9%d8%b6%d9%88%d9%8a-950-%d8%ac%d8%b1%d8%a7%d9%85\/#primaryimage"},"thumbnailUrl":"http:\/\/www.bahgatfarms.com\/wp-content\/uploads\/2024\/10\/\u0639\u0633\u0644-1.jpg","datePublished":"2024-10-21T19:19:50+00:00","dateModified":"2025-11-13T14:15:03+00:00","description":"\u0639\u0633\u0644 \u0645\u0635\u0631\u064a \u0637\u0628\u064a\u0639\u064a 100% \u0645\u0646 \u0645\u0632\u0631\u0639\u062a\u0646\u0627\u060c \u0645\u0635\u062f\u0631 \u063a\u0646\u064a \u0644\u0644\u0637\u0627\u0642\u0629. \u0648\u064a\u062a\u062c\u0645\u062f \u0639\u0646\u062f \u062f\u0631\u062c\u0629 \u062d\u0631\u0627\u0631\u0629 \u0623\u0642\u0644 \u0645\u0646 20 \u062f\u0631\u062c\u0629 \u0645\u0626\u0648\u064a\u0629 \u0648\u064a\u0645\u0643\u0646 \u0627\u0633\u062a\u0639\u0627\u062f\u062a\u0647 \u0625\u0644\u0649 \u062d\u0627\u0644\u062a\u0647 \u0627\u0644\u0633\u0627\u0626\u0644\u0629 \u0628\u0648\u0636\u0639\u0647 \u0641\u064a \u0645\u0627\u0621 \u062f\u0627\u0641\u0626.","breadcrumb":{"@id":"http:\/\/www.bahgatfarms.com\/fr\/produit\/%d8%b9%d8%b3%d9%84-%d8%b9%d8%b6%d9%88%d9%8a-950-%d8%ac%d8%b1%d8%a7%d9%85\/#breadcrumb"},"inLanguage":"fr-FR","potentialAction":[{"@type":"ReadAction","target":["http:\/\/www.bahgatfarms.com\/fr\/produit\/%d8%b9%d8%b3%d9%84-%d8%b9%d8%b6%d9%88%d9%8a-950-%d8%ac%d8%b1%d8%a7%d9%85\/"]}]},{"@type":"ImageObject","inLanguage":"fr-FR","@id":"http:\/\/www.bahgatfarms.com\/fr\/produit\/%d8%b9%d8%b3%d9%84-%d8%b9%d8%b6%d9%88%d9%8a-950-%d8%ac%d8%b1%d8%a7%d9%85\/#primaryimage","url":"http:\/\/www.bahgatfarms.com\/wp-content\/uploads\/2024\/10\/\u0639\u0633\u0644-1.jpg","contentUrl":"http:\/\/www.bahgatfarms.com\/wp-content\/uploads\/2024\/10\/\u0639\u0633\u0644-1.jpg","width":1062,"height":1600,"caption":"\u0639\u0633\u0644 \u0637\u0628\u064a\u0639\u064a 950 \u062c\u0631\u0627\u0645"},{"@type":"BreadcrumbList","@id":"http:\/\/www.bahgatfarms.com\/fr\/produit\/%d8%b9%d8%b3%d9%84-%d8%b9%d8%b6%d9%88%d9%8a-950-%d8%ac%d8%b1%d8%a7%d9%85\/#breadcrumb","itemListElement":[{"@type":"ListItem","position":1,"name":"Home","item":"http:\/\/www.bahgatfarms.com\/"},{"@type":"ListItem","position":2,"name":"\u0627\u0644\u0645\u0646\u062a\u062c\u0627\u062a","item":"https:\/\/www.bahgatfarms.com\/shop\/"},{"@type":"ListItem","position":3,"name":"\u0639\u0633\u0644 \u0637\u0628\u064a\u0639\u064a 950 \u062c\u0631\u0627\u0645"}]},{"@type":"WebSite","@id":"http:\/\/www.bahgatfarms.com\/#website","url":"http:\/\/www.bahgatfarms.com\/","name":"\u0645\u0632\u0627\u0631\u0639 \u0628\u0647\u062c\u062a","description":"\u0627\u0633\u062a\u0645\u062a\u0639 \u0628\u0623\u0641\u0636\u0644 \u062c\u0648\u062f\u0629 \u0644\u0632\u064a\u062a \u0627\u0644\u0632\u064a\u062a\u0648\u0646 \u0648\u0627\u0644\u0639\u0633\u0644 \u0627\u0644\u0637\u0628\u064a\u0639\u064a \u0648\u0627\u0644\u0644\u062d\u0648\u0645 \u0627\u0644\u0637\u0627\u0632\u062c\u0629. \u0646\u062d\u0646 \u0646\u0642\u062f\u0645 \u0645\u0646\u062a\u062c\u0627\u062a \u0637\u0628\u064a\u0639\u064a\u0629 \u0639\u0627\u0644\u064a\u0629 \u0627\u0644\u062c\u0648\u062f\u0629 \u0645\u0639 \u062a\u0648\u0635\u064a\u0644 \u0633\u0631\u064a\u0639.","publisher":{"@id":"http:\/\/www.bahgatfarms.com\/#organization"},"potentialAction":[{"@type":"SearchAction","target":{"@type":"EntryPoint","urlTemplate":"http:\/\/www.bahgatfarms.com\/?s={search_term_string}"},"query-input":{"@type":"PropertyValueSpecification","valueRequired":true,"valueName":"search_term_string"}}],"inLanguage":"fr-FR"},{"@type":"Organization","@id":"http:\/\/www.bahgatfarms.com\/#organization","name":"\u0645\u0632\u0627\u0631\u0639 \u0628\u0647\u062c\u062a","url":"http:\/\/www.bahgatfarms.com\/","logo":{"@type":"ImageObject","inLanguage":"fr-FR","@id":"http:\/\/www.bahgatfarms.com\/#\/schema\/logo\/image\/","url":"http:\/\/www.bahgatfarms.com\/wp-content\/uploads\/2024\/10\/v2.png","contentUrl":"http:\/\/www.bahgatfarms.com\/wp-content\/uploads\/2024\/10\/v2.png","width":1042,"height":1042,"caption":"\u0645\u0632\u0627\u0631\u0639 \u0628\u0647\u062c\u062a"},"image":{"@id":"http:\/\/www.bahgatfarms.com\/#\/schema\/logo\/image\/"}}]}},"_links":{"self":[{"href":"http:\/\/www.bahgatfarms.com\/fr\/wp-json\/wp\/v2\/product\/1064","targetHints":{"allow":["GET"]}}],"collection":[{"href":"http:\/\/www.bahgatfarms.com\/fr\/wp-json\/wp\/v2\/product"}],"about":[{"href":"http:\/\/www.bahgatfarms.com\/fr\/wp-json\/wp\/v2\/types\/product"}],"replies":[{"embeddable":true,"href":"http:\/\/www.bahgatfarms.com\/fr\/wp-json\/wp\/v2\/comments?post=1064"}],"wp:featuredmedia":[{"embeddable":true,"href":"http:\/\/www.bahgatfarms.com\/fr\/wp-json\/wp\/v2\/media\/1777"}],"wp:attachment":[{"href":"http:\/\/www.bahgatfarms.com\/fr\/wp-json\/wp\/v2\/media?parent=1064"}],"wp:term":[{"taxonomy":"product_brand","embeddable":true,"href":"http:\/\/www.bahgatfarms.com\/fr\/wp-json\/wp\/v2\/product_brand?post=1064"},{"taxonomy":"product_cat","embeddable":true,"href":"http:\/\/www.bahgatfarms.com\/fr\/wp-json\/wp\/v2\/product_cat?post=1064"},{"taxonomy":"product_tag","embeddable":true,"href":"http:\/\/www.bahgatfarms.com\/fr\/wp-json\/wp\/v2\/product_tag?post=1064"}],"curies":[{"name":"wp","href":"https:\/\/api.w.org\/{rel}","templated":true}]}}