{"id":1066,"date":"2024-10-21T21:21:00","date_gmt":"2024-10-21T19:21:00","guid":{"rendered":"https:\/\/www.bahgatfarms.com\/?post_type=product&#038;p=1066"},"modified":"2025-03-03T16:12:47","modified_gmt":"2025-03-03T14:12:47","slug":"%d8%b2%d9%8a%d8%aa-%d8%b2%d9%8a%d8%aa%d9%88%d9%86-%d8%a8%d9%83%d8%b1-%d9%85%d9%85%d8%aa%d8%a7%d8%b2-950-%d8%ac%d8%b1%d8%a7%d9%85","status":"publish","type":"product","link":"https:\/\/www.bahgatfarms.com\/fr\/produit\/%d8%b2%d9%8a%d8%aa-%d8%b2%d9%8a%d8%aa%d9%88%d9%86-%d8%a8%d9%83%d8%b1-%d9%85%d9%85%d8%aa%d8%a7%d8%b2-950-%d8%ac%d8%b1%d8%a7%d9%85\/","title":{"rendered":"Huile d'olive extra vierge 950 ml"},"content":{"rendered":"<p>Notre huile d'olive est produite \u00e0 partir d'olives r\u00e9colt\u00e9es naturellement dans les fermes Bahgat. Elle est riche en om\u00e9ga 3 et en graisses saines qui aident \u00e0 r\u00e9duire le risque d'occlusion des art\u00e8res.<\/p>","protected":false},"excerpt":{"rendered":"<p>Notre huile d'olive est produite \u00e0 partir d'olives r\u00e9colt\u00e9es naturellement dans les fermes Bahgat. Elle est riche en om\u00e9ga 3 et en graisses saines qui aident \u00e0 r\u00e9duire le risque d'occlusion des art\u00e8res.<\/p>","protected":false},"featured_media":1849,"comment_status":"closed","ping_status":"closed","template":"","meta":[],"product_brand":[],"product_cat":[32],"product_tag":[],"class_list":{"0":"post-1066","1":"product","2":"type-product","3":"status-publish","4":"has-post-thumbnail","6":"product_cat-32","8":"first","9":"outofstock","10":"taxable","11":"shipping-taxable","12":"purchasable","13":"product-type-simple"},"yoast_head":"<!-- This site is optimized with the Yoast SEO plugin v24.5 - https:\/\/yoast.com\/wordpress\/plugins\/seo\/ -->\n<title>\u0632\u064a\u062a \u0632\u064a\u062a\u0648\u0646 \u0628\u0643\u0631 \u0645\u0645\u062a\u0627\u0632 950 \u062c\u0631\u0627\u0645 \u0645\u0646 \u0645\u0632\u0627\u0631\u0639 \u0628\u0647\u062c\u062a<\/title>\n<meta name=\"description\" content=\"\u064a\u062a\u0645 \u0625\u0646\u062a\u0627\u062c \u0632\u064a\u062a \u0627\u0644\u0632\u064a\u062a\u0648\u0646 \u0644\u062f\u064a\u0646\u0627 \u0645\u0646 \u0627\u0644\u0632\u064a\u062a\u0648\u0646 \u0627\u0644\u0630\u064a \u064a\u062a\u0645 \u062d\u0635\u0627\u062f\u0647 \u0628\u0634\u0643\u0644 \u0637\u0628\u064a\u0639\u064a \u0641\u064a \u0645\u0632\u0627\u0631\u0639 \u0628\u0647\u062c\u062a\u060c \u0648\u0647\u0648 \u063a\u0646\u064a \u0628\u0627\u0644\u0623\u0648\u0645\u064a\u062c\u0627 3 \u0648\u0627\u0644\u062f\u0647\u0648\u0646 \u0627\u0644\u0645\u0641\u064a\u062f\u0629 \u0627\u0644\u062a\u064a \u062a\u0633\u0627\u0639\u062f \u0639\u0644\u0649 \u062a\u0642\u0644\u064a\u0644 \u062e\u0637\u0631 \u0627\u0646\u0633\u062f\u0627\u062f \u0627\u0644\u0634\u0631\u0627\u064a\u064a\u0646.\" \/>\n<meta name=\"robots\" content=\"index, follow, max-snippet:-1, max-image-preview:large, max-video-preview:-1\" \/>\n<link rel=\"canonical\" href=\"https:\/\/www.bahgatfarms.com\/fr\/produit\/\u0632\u064a\u062a-\u0632\u064a\u062a\u0648\u0646-\u0628\u0643\u0631-\u0645\u0645\u062a\u0627\u0632-950-\u062c\u0631\u0627\u0645\/\" \/>\n<meta property=\"og:locale\" content=\"fr_FR\" \/>\n<meta property=\"og:type\" content=\"article\" \/>\n<meta property=\"og:title\" content=\"\u0632\u064a\u062a \u0632\u064a\u062a\u0648\u0646 \u0628\u0643\u0631 \u0645\u0645\u062a\u0627\u0632 950 \u062c\u0631\u0627\u0645 \u0645\u0646 \u0645\u0632\u0627\u0631\u0639 \u0628\u0647\u062c\u062a\" \/>\n<meta property=\"og:description\" content=\"\u064a\u062a\u0645 \u0625\u0646\u062a\u0627\u062c \u0632\u064a\u062a \u0627\u0644\u0632\u064a\u062a\u0648\u0646 \u0644\u062f\u064a\u0646\u0627 \u0645\u0646 \u0627\u0644\u0632\u064a\u062a\u0648\u0646 \u0627\u0644\u0630\u064a \u064a\u062a\u0645 \u062d\u0635\u0627\u062f\u0647 \u0628\u0634\u0643\u0644 \u0637\u0628\u064a\u0639\u064a \u0641\u064a \u0645\u0632\u0627\u0631\u0639 \u0628\u0647\u062c\u062a\u060c \u0648\u0647\u0648 \u063a\u0646\u064a \u0628\u0627\u0644\u0623\u0648\u0645\u064a\u062c\u0627 3 \u0648\u0627\u0644\u062f\u0647\u0648\u0646 \u0627\u0644\u0645\u0641\u064a\u062f\u0629 \u0627\u0644\u062a\u064a \u062a\u0633\u0627\u0639\u062f \u0639\u0644\u0649 \u062a\u0642\u0644\u064a\u0644 \u062e\u0637\u0631 \u0627\u0646\u0633\u062f\u0627\u062f \u0627\u0644\u0634\u0631\u0627\u064a\u064a\u0646.\" \/>\n<meta property=\"og:url\" content=\"https:\/\/www.bahgatfarms.com\/fr\/produit\/\u0632\u064a\u062a-\u0632\u064a\u062a\u0648\u0646-\u0628\u0643\u0631-\u0645\u0645\u062a\u0627\u0632-950-\u062c\u0631\u0627\u0645\/\" \/>\n<meta property=\"og:site_name\" content=\"\u0645\u0632\u0627\u0631\u0639 \u0628\u0647\u062c\u062a\" \/>\n<meta property=\"article:modified_time\" content=\"2025-03-03T14:12:47+00:00\" \/>\n<meta property=\"og:image\" content=\"https:\/\/www.bahgatfarms.com\/wp-content\/uploads\/2024\/10\/950ff.png\" \/>\n\t<meta property=\"og:image:width\" content=\"800\" \/>\n\t<meta property=\"og:image:height\" content=\"800\" \/>\n\t<meta property=\"og:image:type\" content=\"image\/png\" \/>\n<meta name=\"twitter:card\" content=\"summary_large_image\" \/>\n<meta name=\"twitter:label1\" content=\"Dur\u00e9e de lecture estim\u00e9e\" \/>\n\t<meta name=\"twitter:data1\" content=\"1 minute\" \/>\n<script type=\"application\/ld+json\" class=\"yoast-schema-graph\">{\"@context\":\"https:\/\/schema.org\",\"@graph\":[{\"@type\":\"WebPage\",\"@id\":\"https:\/\/www.bahgatfarms.com\/fr\/produit\/%d8%b2%d9%8a%d8%aa-%d8%b2%d9%8a%d8%aa%d9%88%d9%86-%d8%a8%d9%83%d8%b1-%d9%85%d9%85%d8%aa%d8%a7%d8%b2-950-%d8%ac%d8%b1%d8%a7%d9%85\/\",\"url\":\"https:\/\/www.bahgatfarms.com\/fr\/produit\/%d8%b2%d9%8a%d8%aa-%d8%b2%d9%8a%d8%aa%d9%88%d9%86-%d8%a8%d9%83%d8%b1-%d9%85%d9%85%d8%aa%d8%a7%d8%b2-950-%d8%ac%d8%b1%d8%a7%d9%85\/\",\"name\":\"\u0632\u064a\u062a \u0632\u064a\u062a\u0648\u0646 \u0628\u0643\u0631 \u0645\u0645\u062a\u0627\u0632 950 \u062c\u0631\u0627\u0645 \u0645\u0646 \u0645\u0632\u0627\u0631\u0639 \u0628\u0647\u062c\u062a\",\"isPartOf\":{\"@id\":\"http:\/\/www.bahgatfarms.com\/en\/#website\"},\"primaryImageOfPage\":{\"@id\":\"https:\/\/www.bahgatfarms.com\/fr\/produit\/%d8%b2%d9%8a%d8%aa-%d8%b2%d9%8a%d8%aa%d9%88%d9%86-%d8%a8%d9%83%d8%b1-%d9%85%d9%85%d8%aa%d8%a7%d8%b2-950-%d8%ac%d8%b1%d8%a7%d9%85\/#primaryimage\"},\"image\":{\"@id\":\"https:\/\/www.bahgatfarms.com\/fr\/produit\/%d8%b2%d9%8a%d8%aa-%d8%b2%d9%8a%d8%aa%d9%88%d9%86-%d8%a8%d9%83%d8%b1-%d9%85%d9%85%d8%aa%d8%a7%d8%b2-950-%d8%ac%d8%b1%d8%a7%d9%85\/#primaryimage\"},\"thumbnailUrl\":\"https:\/\/www.bahgatfarms.com\/wp-content\/uploads\/2024\/10\/950ff.png\",\"datePublished\":\"2024-10-21T19:21:00+00:00\",\"dateModified\":\"2025-03-03T14:12:47+00:00\",\"description\":\"\u064a\u062a\u0645 \u0625\u0646\u062a\u0627\u062c \u0632\u064a\u062a \u0627\u0644\u0632\u064a\u062a\u0648\u0646 \u0644\u062f\u064a\u0646\u0627 \u0645\u0646 \u0627\u0644\u0632\u064a\u062a\u0648\u0646 \u0627\u0644\u0630\u064a \u064a\u062a\u0645 \u062d\u0635\u0627\u062f\u0647 \u0628\u0634\u0643\u0644 \u0637\u0628\u064a\u0639\u064a \u0641\u064a \u0645\u0632\u0627\u0631\u0639 \u0628\u0647\u062c\u062a\u060c \u0648\u0647\u0648 \u063a\u0646\u064a \u0628\u0627\u0644\u0623\u0648\u0645\u064a\u062c\u0627 3 \u0648\u0627\u0644\u062f\u0647\u0648\u0646 \u0627\u0644\u0645\u0641\u064a\u062f\u0629 \u0627\u0644\u062a\u064a \u062a\u0633\u0627\u0639\u062f \u0639\u0644\u0649 \u062a\u0642\u0644\u064a\u0644 \u062e\u0637\u0631 \u0627\u0646\u0633\u062f\u0627\u062f \u0627\u0644\u0634\u0631\u0627\u064a\u064a\u0646.\",\"breadcrumb\":{\"@id\":\"https:\/\/www.bahgatfarms.com\/fr\/produit\/%d8%b2%d9%8a%d8%aa-%d8%b2%d9%8a%d8%aa%d9%88%d9%86-%d8%a8%d9%83%d8%b1-%d9%85%d9%85%d8%aa%d8%a7%d8%b2-950-%d8%ac%d8%b1%d8%a7%d9%85\/#breadcrumb\"},\"inLanguage\":\"fr-FR\",\"potentialAction\":[{\"@type\":\"ReadAction\",\"target\":[\"https:\/\/www.bahgatfarms.com\/fr\/produit\/%d8%b2%d9%8a%d8%aa-%d8%b2%d9%8a%d8%aa%d9%88%d9%86-%d8%a8%d9%83%d8%b1-%d9%85%d9%85%d8%aa%d8%a7%d8%b2-950-%d8%ac%d8%b1%d8%a7%d9%85\/\"]}]},{\"@type\":\"ImageObject\",\"inLanguage\":\"fr-FR\",\"@id\":\"https:\/\/www.bahgatfarms.com\/fr\/produit\/%d8%b2%d9%8a%d8%aa-%d8%b2%d9%8a%d8%aa%d9%88%d9%86-%d8%a8%d9%83%d8%b1-%d9%85%d9%85%d8%aa%d8%a7%d8%b2-950-%d8%ac%d8%b1%d8%a7%d9%85\/#primaryimage\",\"url\":\"https:\/\/www.bahgatfarms.com\/wp-content\/uploads\/2024\/10\/950ff.png\",\"contentUrl\":\"https:\/\/www.bahgatfarms.com\/wp-content\/uploads\/2024\/10\/950ff.png\",\"width\":800,\"height\":800},{\"@type\":\"BreadcrumbList\",\"@id\":\"https:\/\/www.bahgatfarms.com\/fr\/produit\/%d8%b2%d9%8a%d8%aa-%d8%b2%d9%8a%d8%aa%d9%88%d9%86-%d8%a8%d9%83%d8%b1-%d9%85%d9%85%d8%aa%d8%a7%d8%b2-950-%d8%ac%d8%b1%d8%a7%d9%85\/#breadcrumb\",\"itemListElement\":[{\"@type\":\"ListItem\",\"position\":1,\"name\":\"Home\",\"item\":\"http:\/\/www.bahgatfarms.com\/en\/\"},{\"@type\":\"ListItem\",\"position\":2,\"name\":\"Products\",\"item\":\"http:\/\/www.bahgatfarms.com\/en\/shop\/\"},{\"@type\":\"ListItem\",\"position\":3,\"name\":\"\u0632\u064a\u062a \u0632\u064a\u062a\u0648\u0646 \u0628\u0643\u0631 \u0645\u0645\u062a\u0627\u0632 950 \u0645\u0644\u0644\u064a\"}]},{\"@type\":\"WebSite\",\"@id\":\"http:\/\/www.bahgatfarms.com\/en\/#website\",\"url\":\"http:\/\/www.bahgatfarms.com\/en\/\",\"name\":\"\u0645\u0632\u0627\u0631\u0639 \u0628\u0647\u062c\u062a\",\"description\":\"\u0627\u0633\u062a\u0645\u062a\u0639 \u0628\u0623\u0641\u0636\u0644 \u062c\u0648\u062f\u0629 \u0644\u0632\u064a\u062a \u0627\u0644\u0632\u064a\u062a\u0648\u0646 \u0648\u0627\u0644\u0639\u0633\u0644 \u0627\u0644\u0637\u0628\u064a\u0639\u064a \u0648\u0627\u0644\u0644\u062d\u0648\u0645 \u0627\u0644\u0637\u0627\u0632\u062c\u0629. \u0646\u062d\u0646 \u0646\u0642\u062f\u0645 \u0645\u0646\u062a\u062c\u0627\u062a \u0637\u0628\u064a\u0639\u064a\u0629 \u0639\u0627\u0644\u064a\u0629 \u0627\u0644\u062c\u0648\u062f\u0629 \u0645\u0639 \u062a\u0648\u0635\u064a\u0644 \u0633\u0631\u064a\u0639.\",\"publisher\":{\"@id\":\"http:\/\/www.bahgatfarms.com\/en\/#organization\"},\"potentialAction\":[{\"@type\":\"SearchAction\",\"target\":{\"@type\":\"EntryPoint\",\"urlTemplate\":\"http:\/\/www.bahgatfarms.com\/en\/?s={search_term_string}\"},\"query-input\":{\"@type\":\"PropertyValueSpecification\",\"valueRequired\":true,\"valueName\":\"search_term_string\"}}],\"inLanguage\":\"fr-FR\"},{\"@type\":\"Organization\",\"@id\":\"http:\/\/www.bahgatfarms.com\/en\/#organization\",\"name\":\"\u0645\u0632\u0627\u0631\u0639 \u0628\u0647\u062c\u062a\",\"url\":\"http:\/\/www.bahgatfarms.com\/en\/\",\"logo\":{\"@type\":\"ImageObject\",\"inLanguage\":\"fr-FR\",\"@id\":\"http:\/\/www.bahgatfarms.com\/en\/#\/schema\/logo\/image\/\",\"url\":\"https:\/\/www.bahgatfarms.com\/wp-content\/uploads\/2024\/10\/v2.png\",\"contentUrl\":\"https:\/\/www.bahgatfarms.com\/wp-content\/uploads\/2024\/10\/v2.png\",\"width\":1042,\"height\":1042,\"caption\":\"\u0645\u0632\u0627\u0631\u0639 \u0628\u0647\u062c\u062a\"},\"image\":{\"@id\":\"http:\/\/www.bahgatfarms.com\/en\/#\/schema\/logo\/image\/\"}}]}<\/script>\n<!-- \/ Yoast SEO plugin. -->","yoast_head_json":{"title":"\u0632\u064a\u062a \u0632\u064a\u062a\u0648\u0646 \u0628\u0643\u0631 \u0645\u0645\u062a\u0627\u0632 950 \u062c\u0631\u0627\u0645 \u0645\u0646 \u0645\u0632\u0627\u0631\u0639 \u0628\u0647\u062c\u062a","description":"\u064a\u062a\u0645 \u0625\u0646\u062a\u0627\u062c \u0632\u064a\u062a \u0627\u0644\u0632\u064a\u062a\u0648\u0646 \u0644\u062f\u064a\u0646\u0627 \u0645\u0646 \u0627\u0644\u0632\u064a\u062a\u0648\u0646 \u0627\u0644\u0630\u064a \u064a\u062a\u0645 \u062d\u0635\u0627\u062f\u0647 \u0628\u0634\u0643\u0644 \u0637\u0628\u064a\u0639\u064a \u0641\u064a \u0645\u0632\u0627\u0631\u0639 \u0628\u0647\u062c\u062a\u060c \u0648\u0647\u0648 \u063a\u0646\u064a \u0628\u0627\u0644\u0623\u0648\u0645\u064a\u062c\u0627 3 \u0648\u0627\u0644\u062f\u0647\u0648\u0646 \u0627\u0644\u0645\u0641\u064a\u062f\u0629 \u0627\u0644\u062a\u064a \u062a\u0633\u0627\u0639\u062f \u0639\u0644\u0649 \u062a\u0642\u0644\u064a\u0644 \u062e\u0637\u0631 \u0627\u0646\u0633\u062f\u0627\u062f \u0627\u0644\u0634\u0631\u0627\u064a\u064a\u0646.","robots":{"index":"index","follow":"follow","max-snippet":"max-snippet:-1","max-image-preview":"max-image-preview:large","max-video-preview":"max-video-preview:-1"},"canonical":"https:\/\/www.bahgatfarms.com\/fr\/produit\/\u0632\u064a\u062a-\u0632\u064a\u062a\u0648\u0646-\u0628\u0643\u0631-\u0645\u0645\u062a\u0627\u0632-950-\u062c\u0631\u0627\u0645\/","og_locale":"fr_FR","og_type":"article","og_title":"\u0632\u064a\u062a \u0632\u064a\u062a\u0648\u0646 \u0628\u0643\u0631 \u0645\u0645\u062a\u0627\u0632 950 \u062c\u0631\u0627\u0645 \u0645\u0646 \u0645\u0632\u0627\u0631\u0639 \u0628\u0647\u062c\u062a","og_description":"\u064a\u062a\u0645 \u0625\u0646\u062a\u0627\u062c \u0632\u064a\u062a \u0627\u0644\u0632\u064a\u062a\u0648\u0646 \u0644\u062f\u064a\u0646\u0627 \u0645\u0646 \u0627\u0644\u0632\u064a\u062a\u0648\u0646 \u0627\u0644\u0630\u064a \u064a\u062a\u0645 \u062d\u0635\u0627\u062f\u0647 \u0628\u0634\u0643\u0644 \u0637\u0628\u064a\u0639\u064a \u0641\u064a \u0645\u0632\u0627\u0631\u0639 \u0628\u0647\u062c\u062a\u060c \u0648\u0647\u0648 \u063a\u0646\u064a \u0628\u0627\u0644\u0623\u0648\u0645\u064a\u062c\u0627 3 \u0648\u0627\u0644\u062f\u0647\u0648\u0646 \u0627\u0644\u0645\u0641\u064a\u062f\u0629 \u0627\u0644\u062a\u064a \u062a\u0633\u0627\u0639\u062f \u0639\u0644\u0649 \u062a\u0642\u0644\u064a\u0644 \u062e\u0637\u0631 \u0627\u0646\u0633\u062f\u0627\u062f \u0627\u0644\u0634\u0631\u0627\u064a\u064a\u0646.","og_url":"https:\/\/www.bahgatfarms.com\/fr\/produit\/\u0632\u064a\u062a-\u0632\u064a\u062a\u0648\u0646-\u0628\u0643\u0631-\u0645\u0645\u062a\u0627\u0632-950-\u062c\u0631\u0627\u0645\/","og_site_name":"\u0645\u0632\u0627\u0631\u0639 \u0628\u0647\u062c\u062a","article_modified_time":"2025-03-03T14:12:47+00:00","og_image":[{"width":800,"height":800,"url":"https:\/\/www.bahgatfarms.com\/wp-content\/uploads\/2024\/10\/950ff.png","type":"image\/png"}],"twitter_card":"summary_large_image","twitter_misc":{"Dur\u00e9e de lecture estim\u00e9e":"1 minute"},"schema":{"@context":"https:\/\/schema.org","@graph":[{"@type":"WebPage","@id":"https:\/\/www.bahgatfarms.com\/fr\/produit\/%d8%b2%d9%8a%d8%aa-%d8%b2%d9%8a%d8%aa%d9%88%d9%86-%d8%a8%d9%83%d8%b1-%d9%85%d9%85%d8%aa%d8%a7%d8%b2-950-%d8%ac%d8%b1%d8%a7%d9%85\/","url":"https:\/\/www.bahgatfarms.com\/fr\/produit\/%d8%b2%d9%8a%d8%aa-%d8%b2%d9%8a%d8%aa%d9%88%d9%86-%d8%a8%d9%83%d8%b1-%d9%85%d9%85%d8%aa%d8%a7%d8%b2-950-%d8%ac%d8%b1%d8%a7%d9%85\/","name":"\u0632\u064a\u062a \u0632\u064a\u062a\u0648\u0646 \u0628\u0643\u0631 \u0645\u0645\u062a\u0627\u0632 950 \u062c\u0631\u0627\u0645 \u0645\u0646 \u0645\u0632\u0627\u0631\u0639 \u0628\u0647\u062c\u062a","isPartOf":{"@id":"http:\/\/www.bahgatfarms.com\/en\/#website"},"primaryImageOfPage":{"@id":"https:\/\/www.bahgatfarms.com\/fr\/produit\/%d8%b2%d9%8a%d8%aa-%d8%b2%d9%8a%d8%aa%d9%88%d9%86-%d8%a8%d9%83%d8%b1-%d9%85%d9%85%d8%aa%d8%a7%d8%b2-950-%d8%ac%d8%b1%d8%a7%d9%85\/#primaryimage"},"image":{"@id":"https:\/\/www.bahgatfarms.com\/fr\/produit\/%d8%b2%d9%8a%d8%aa-%d8%b2%d9%8a%d8%aa%d9%88%d9%86-%d8%a8%d9%83%d8%b1-%d9%85%d9%85%d8%aa%d8%a7%d8%b2-950-%d8%ac%d8%b1%d8%a7%d9%85\/#primaryimage"},"thumbnailUrl":"https:\/\/www.bahgatfarms.com\/wp-content\/uploads\/2024\/10\/950ff.png","datePublished":"2024-10-21T19:21:00+00:00","dateModified":"2025-03-03T14:12:47+00:00","description":"\u064a\u062a\u0645 \u0625\u0646\u062a\u0627\u062c \u0632\u064a\u062a \u0627\u0644\u0632\u064a\u062a\u0648\u0646 \u0644\u062f\u064a\u0646\u0627 \u0645\u0646 \u0627\u0644\u0632\u064a\u062a\u0648\u0646 \u0627\u0644\u0630\u064a \u064a\u062a\u0645 \u062d\u0635\u0627\u062f\u0647 \u0628\u0634\u0643\u0644 \u0637\u0628\u064a\u0639\u064a \u0641\u064a \u0645\u0632\u0627\u0631\u0639 \u0628\u0647\u062c\u062a\u060c \u0648\u0647\u0648 \u063a\u0646\u064a \u0628\u0627\u0644\u0623\u0648\u0645\u064a\u062c\u0627 3 \u0648\u0627\u0644\u062f\u0647\u0648\u0646 \u0627\u0644\u0645\u0641\u064a\u062f\u0629 \u0627\u0644\u062a\u064a \u062a\u0633\u0627\u0639\u062f \u0639\u0644\u0649 \u062a\u0642\u0644\u064a\u0644 \u062e\u0637\u0631 \u0627\u0646\u0633\u062f\u0627\u062f \u0627\u0644\u0634\u0631\u0627\u064a\u064a\u0646.","breadcrumb":{"@id":"https:\/\/www.bahgatfarms.com\/fr\/produit\/%d8%b2%d9%8a%d8%aa-%d8%b2%d9%8a%d8%aa%d9%88%d9%86-%d8%a8%d9%83%d8%b1-%d9%85%d9%85%d8%aa%d8%a7%d8%b2-950-%d8%ac%d8%b1%d8%a7%d9%85\/#breadcrumb"},"inLanguage":"fr-FR","potentialAction":[{"@type":"ReadAction","target":["https:\/\/www.bahgatfarms.com\/fr\/produit\/%d8%b2%d9%8a%d8%aa-%d8%b2%d9%8a%d8%aa%d9%88%d9%86-%d8%a8%d9%83%d8%b1-%d9%85%d9%85%d8%aa%d8%a7%d8%b2-950-%d8%ac%d8%b1%d8%a7%d9%85\/"]}]},{"@type":"ImageObject","inLanguage":"fr-FR","@id":"https:\/\/www.bahgatfarms.com\/fr\/produit\/%d8%b2%d9%8a%d8%aa-%d8%b2%d9%8a%d8%aa%d9%88%d9%86-%d8%a8%d9%83%d8%b1-%d9%85%d9%85%d8%aa%d8%a7%d8%b2-950-%d8%ac%d8%b1%d8%a7%d9%85\/#primaryimage","url":"https:\/\/www.bahgatfarms.com\/wp-content\/uploads\/2024\/10\/950ff.png","contentUrl":"https:\/\/www.bahgatfarms.com\/wp-content\/uploads\/2024\/10\/950ff.png","width":800,"height":800},{"@type":"BreadcrumbList","@id":"https:\/\/www.bahgatfarms.com\/fr\/produit\/%d8%b2%d9%8a%d8%aa-%d8%b2%d9%8a%d8%aa%d9%88%d9%86-%d8%a8%d9%83%d8%b1-%d9%85%d9%85%d8%aa%d8%a7%d8%b2-950-%d8%ac%d8%b1%d8%a7%d9%85\/#breadcrumb","itemListElement":[{"@type":"ListItem","position":1,"name":"Home","item":"http:\/\/www.bahgatfarms.com\/en\/"},{"@type":"ListItem","position":2,"name":"Products","item":"http:\/\/www.bahgatfarms.com\/en\/shop\/"},{"@type":"ListItem","position":3,"name":"\u0632\u064a\u062a \u0632\u064a\u062a\u0648\u0646 \u0628\u0643\u0631 \u0645\u0645\u062a\u0627\u0632 950 \u0645\u0644\u0644\u064a"}]},{"@type":"WebSite","@id":"http:\/\/www.bahgatfarms.com\/en\/#website","url":"http:\/\/www.bahgatfarms.com\/en\/","name":"\u0645\u0632\u0627\u0631\u0639 \u0628\u0647\u062c\u062a","description":"\u0627\u0633\u062a\u0645\u062a\u0639 \u0628\u0623\u0641\u0636\u0644 \u062c\u0648\u062f\u0629 \u0644\u0632\u064a\u062a \u0627\u0644\u0632\u064a\u062a\u0648\u0646 \u0648\u0627\u0644\u0639\u0633\u0644 \u0627\u0644\u0637\u0628\u064a\u0639\u064a \u0648\u0627\u0644\u0644\u062d\u0648\u0645 \u0627\u0644\u0637\u0627\u0632\u062c\u0629. \u0646\u062d\u0646 \u0646\u0642\u062f\u0645 \u0645\u0646\u062a\u062c\u0627\u062a \u0637\u0628\u064a\u0639\u064a\u0629 \u0639\u0627\u0644\u064a\u0629 \u0627\u0644\u062c\u0648\u062f\u0629 \u0645\u0639 \u062a\u0648\u0635\u064a\u0644 \u0633\u0631\u064a\u0639.","publisher":{"@id":"http:\/\/www.bahgatfarms.com\/en\/#organization"},"potentialAction":[{"@type":"SearchAction","target":{"@type":"EntryPoint","urlTemplate":"http:\/\/www.bahgatfarms.com\/en\/?s={search_term_string}"},"query-input":{"@type":"PropertyValueSpecification","valueRequired":true,"valueName":"search_term_string"}}],"inLanguage":"fr-FR"},{"@type":"Organization","@id":"http:\/\/www.bahgatfarms.com\/en\/#organization","name":"\u0645\u0632\u0627\u0631\u0639 \u0628\u0647\u062c\u062a","url":"http:\/\/www.bahgatfarms.com\/en\/","logo":{"@type":"ImageObject","inLanguage":"fr-FR","@id":"http:\/\/www.bahgatfarms.com\/en\/#\/schema\/logo\/image\/","url":"https:\/\/www.bahgatfarms.com\/wp-content\/uploads\/2024\/10\/v2.png","contentUrl":"https:\/\/www.bahgatfarms.com\/wp-content\/uploads\/2024\/10\/v2.png","width":1042,"height":1042,"caption":"\u0645\u0632\u0627\u0631\u0639 \u0628\u0647\u062c\u062a"},"image":{"@id":"http:\/\/www.bahgatfarms.com\/en\/#\/schema\/logo\/image\/"}}]}},"_links":{"self":[{"href":"https:\/\/www.bahgatfarms.com\/fr\/wp-json\/wp\/v2\/product\/1066","targetHints":{"allow":["GET"]}}],"collection":[{"href":"https:\/\/www.bahgatfarms.com\/fr\/wp-json\/wp\/v2\/product"}],"about":[{"href":"https:\/\/www.bahgatfarms.com\/fr\/wp-json\/wp\/v2\/types\/product"}],"replies":[{"embeddable":true,"href":"https:\/\/www.bahgatfarms.com\/fr\/wp-json\/wp\/v2\/comments?post=1066"}],"wp:featuredmedia":[{"embeddable":true,"href":"https:\/\/www.bahgatfarms.com\/fr\/wp-json\/wp\/v2\/media\/1849"}],"wp:attachment":[{"href":"https:\/\/www.bahgatfarms.com\/fr\/wp-json\/wp\/v2\/media?parent=1066"}],"wp:term":[{"taxonomy":"product_brand","embeddable":true,"href":"https:\/\/www.bahgatfarms.com\/fr\/wp-json\/wp\/v2\/product_brand?post=1066"},{"taxonomy":"product_cat","embeddable":true,"href":"https:\/\/www.bahgatfarms.com\/fr\/wp-json\/wp\/v2\/product_cat?post=1066"},{"taxonomy":"product_tag","embeddable":true,"href":"https:\/\/www.bahgatfarms.com\/fr\/wp-json\/wp\/v2\/product_tag?post=1066"}],"curies":[{"name":"wp","href":"https:\/\/api.w.org\/{rel}","templated":true}]}}