{"id":1661,"date":"2024-11-06T20:03:52","date_gmt":"2024-11-06T18:03:52","guid":{"rendered":"https:\/\/www.bahgatfarms.com\/?post_type=product&#038;p=1661"},"modified":"2024-11-07T18:04:27","modified_gmt":"2024-11-07T16:04:27","slug":"%d8%ba%d9%86%d9%85-%d8%a8%d8%b1%d9%82%d9%89-%d9%88%d9%81%d8%a7%d9%84%d8%ad%d9%89","status":"publish","type":"product","link":"https:\/\/www.bahgatfarms.com\/fr\/produit\/%d8%ba%d9%86%d9%85-%d8%a8%d8%b1%d9%82%d9%89-%d9%88%d9%81%d8%a7%d9%84%d8%ad%d9%89\/","title":{"rendered":"Moutons Barqi et Falahy"},"content":{"rendered":"<p>Moutons Barqi libres, n\u00e9s \u00e0 la ferme, avec un poids moyen allant de 45 kg \u00e0 55 kg. Ils se caract\u00e9risent par une faible quantit\u00e9 de laine et un pourcentage r\u00e9duit de graisses. Ils ont re\u00e7u toutes les vaccinations standard n\u00e9cessaires. Les moutons et les ch\u00e8vres se nourrissent de p\u00e2turages naturels et de fourrages germ\u00e9s, avec une faible teneur en graisses. Les \u00e9tables et les enclos sont \u00e9quip\u00e9s selon les normes les plus \u00e9lev\u00e9es en mati\u00e8re de sant\u00e9. Une carte des poids et des vaccinations est fournie pour chaque animal lors de l'achat.<\/p>\n<p>&nbsp;<\/p>\n<p>&nbsp;<\/p>","protected":false},"excerpt":{"rendered":"<p>Moutons Barqi libres, n\u00e9s \u00e0 la ferme, avec un poids moyen allant de 45 kg \u00e0 55 kg. Ils se caract\u00e9risent par une faible quantit\u00e9 de laine et un pourcentage r\u00e9duit de graisses. Ils ont re\u00e7u toutes les vaccinations standard n\u00e9cessaires. Les moutons et les ch\u00e8vres se nourrissent de p\u00e2turages naturels et de fourrages germ\u00e9s, avec une faible teneur en graisses. Les \u00e9tables et les enclos sont \u00e9quip\u00e9s selon les normes les plus \u00e9lev\u00e9es en mati\u00e8re de sant\u00e9. Une carte des poids et des vaccinations est fournie pour chaque animal lors de l'achat.<\/p>\n<p>&nbsp;<\/p>\n<p><a href=\"https:\/\/api.whatsapp.com\/send?phone=%2B201005030744&amp;context=ARDMkap53MWnnN79SM9Ctfr01V-zIQLbXROa4w7Jl1kbtbresErDcl616ny0q4USWTh3VzwmTzx49Z33PuevTHeFK-vD7ES11aCUx2r3Zl4zTnW58K7R-jrb_QSA9RuGooy2TMGh6yxCvkHi7A1IMm3y1A&amp;source=FB_Page&amp;app=facebook&amp;entry_point=page_cta&amp;fbclid=IwY2xjawGS5spleHRuA2FlbQIxMAABHchJlz2guEYZ0s7qNH8QxgFUZKqY3BUtTEsar9w3g4acH0cZutzCbhMhLQ_aem_yM-NiBPwPf7Q131_3bO6qw\">Demande de prix<\/a><\/p>","protected":false},"featured_media":1662,"comment_status":"closed","ping_status":"closed","template":"","meta":[],"product_brand":[],"product_cat":[19],"product_tag":[],"class_list":{"0":"post-1661","1":"product","2":"type-product","3":"status-publish","4":"has-post-thumbnail","6":"product_cat-19","8":"first","9":"instock","10":"taxable","11":"shipping-taxable","12":"product-type-simple"},"yoast_head":"<!-- This site is optimized with the Yoast SEO plugin v24.5 - https:\/\/yoast.com\/wordpress\/plugins\/seo\/ -->\n<title>\u063a\u0646\u0645 \u0628\u0631\u0642\u0649 \u0648\u0641\u0627\u0644\u062d\u0649 - \u0645\u0632\u0627\u0631\u0639 \u0628\u0647\u062c\u062a<\/title>\n<meta name=\"description\" content=\"\u063a\u0646\u0645 \u0628\u0631\u0642\u064a \u062d\u0631\u060c \u0645\u0648\u0627\u0644\u064a\u062f \u0627\u0644\u0645\u0632\u0631\u0639\u0629\u060c \u0628\u0645\u062a\u0648\u0633\u0637 \u0623\u0648\u0632\u0627\u0646 \u064a\u062a\u0631\u0627\u0648\u062d \u0645\u0646 45 \u0643\u062c\u0645 \u0625\u0644\u0649 55 \u0643\u062c\u0645. \u062a\u062a\u0645\u064a\u0632 \u0628\u0642\u0644\u0629 \u0627\u0644\u0635\u0648\u0641 \u0648\u0623\u0642\u0644 \u0646\u0633\u0628\u0629 \u0645\u0646 \u0627\u0644\u062f\u0647\u0648\u0646. \u062d\u0627\u0635\u0644\u0629 \u0639\u0644\u0649 \u0643\u0627\u0641\u0629 \u0627\u0644\u062a\u0637\u0639\u064a\u0645\u0627\u062a \u0627\u0644\u0642\u064a\u0627\u0633\u064a\u0629 \u0627\u0644\u0644\u0627\u0632\u0645\u0629. \u0627\u0644\u063a\u0646\u0645 \u0648\u0627\u0644\u0645\u0627\u0639\u0632 \u064a\u062a\u063a\u0630\u064a\u0627\u0646 \u0639\u0644\u0649 \u0627\u0644\u0645\u0631\u0627\u0639\u064a \u0627\u0644\u0637\u0628\u064a\u0639\u064a\u0629 \u0648\u0627\u0644\u0623\u0639\u0644\u0627\u0641 \u0627\u0644\u0645\u0633\u062a\u0646\u0628\u062a\u0629\u060c \u0645\u0639 \u0627\u0646\u062e\u0641\u0627\u0636 \u0641\u064a \u0646\u0633\u0628\u0629 \u0627\u0644\u062f\u0647\u0648\u0646. \u0627\u0644\u062d\u0638\u0627\u0626\u0631 \u0648\u0627\u0644\u0645\u0631\u0627\u0628\u0637 \u0645\u062c\u0647\u0632\u0629 \u0648\u0641\u0642 \u0623\u0639\u0644\u0649 \u0645\u0639\u0627\u064a\u064a\u0631 \u0627\u0644\u0635\u062d\u0629. \u064a\u062a\u0645 \u062a\u0648\u0641\u064a\u0631 \u0643\u0627\u0631\u062a \u0627\u0644\u0623\u0648\u0632\u0627\u0646 \u0648\u0627\u0644\u062a\u0637\u0639\u064a\u0645\u0627\u062a \u0644\u0643\u0644 \u062d\u064a\u0648\u0627\u0646 \u0639\u0646\u062f \u0627\u0644\u0634\u0631\u0627\u0621.\" \/>\n<meta name=\"robots\" content=\"index, follow, max-snippet:-1, max-image-preview:large, max-video-preview:-1\" \/>\n<link rel=\"canonical\" href=\"https:\/\/www.bahgatfarms.com\/fr\/produit\/\u063a\u0646\u0645-\u0628\u0631\u0642\u0649-\u0648\u0641\u0627\u0644\u062d\u0649\/\" \/>\n<meta property=\"og:locale\" content=\"fr_FR\" \/>\n<meta property=\"og:type\" content=\"article\" \/>\n<meta property=\"og:title\" content=\"\u063a\u0646\u0645 \u0628\u0631\u0642\u0649 \u0648\u0641\u0627\u0644\u062d\u0649 - \u0645\u0632\u0627\u0631\u0639 \u0628\u0647\u062c\u062a\" \/>\n<meta property=\"og:description\" content=\"\u063a\u0646\u0645 \u0628\u0631\u0642\u064a \u062d\u0631\u060c \u0645\u0648\u0627\u0644\u064a\u062f \u0627\u0644\u0645\u0632\u0631\u0639\u0629\u060c \u0628\u0645\u062a\u0648\u0633\u0637 \u0623\u0648\u0632\u0627\u0646 \u064a\u062a\u0631\u0627\u0648\u062d \u0645\u0646 45 \u0643\u062c\u0645 \u0625\u0644\u0649 55 \u0643\u062c\u0645. \u062a\u062a\u0645\u064a\u0632 \u0628\u0642\u0644\u0629 \u0627\u0644\u0635\u0648\u0641 \u0648\u0623\u0642\u0644 \u0646\u0633\u0628\u0629 \u0645\u0646 \u0627\u0644\u062f\u0647\u0648\u0646. \u062d\u0627\u0635\u0644\u0629 \u0639\u0644\u0649 \u0643\u0627\u0641\u0629 \u0627\u0644\u062a\u0637\u0639\u064a\u0645\u0627\u062a \u0627\u0644\u0642\u064a\u0627\u0633\u064a\u0629 \u0627\u0644\u0644\u0627\u0632\u0645\u0629. \u0627\u0644\u063a\u0646\u0645 \u0648\u0627\u0644\u0645\u0627\u0639\u0632 \u064a\u062a\u063a\u0630\u064a\u0627\u0646 \u0639\u0644\u0649 \u0627\u0644\u0645\u0631\u0627\u0639\u064a \u0627\u0644\u0637\u0628\u064a\u0639\u064a\u0629 \u0648\u0627\u0644\u0623\u0639\u0644\u0627\u0641 \u0627\u0644\u0645\u0633\u062a\u0646\u0628\u062a\u0629\u060c \u0645\u0639 \u0627\u0646\u062e\u0641\u0627\u0636 \u0641\u064a \u0646\u0633\u0628\u0629 \u0627\u0644\u062f\u0647\u0648\u0646. \u0627\u0644\u062d\u0638\u0627\u0626\u0631 \u0648\u0627\u0644\u0645\u0631\u0627\u0628\u0637 \u0645\u062c\u0647\u0632\u0629 \u0648\u0641\u0642 \u0623\u0639\u0644\u0649 \u0645\u0639\u0627\u064a\u064a\u0631 \u0627\u0644\u0635\u062d\u0629. \u064a\u062a\u0645 \u062a\u0648\u0641\u064a\u0631 \u0643\u0627\u0631\u062a \u0627\u0644\u0623\u0648\u0632\u0627\u0646 \u0648\u0627\u0644\u062a\u0637\u0639\u064a\u0645\u0627\u062a \u0644\u0643\u0644 \u062d\u064a\u0648\u0627\u0646 \u0639\u0646\u062f \u0627\u0644\u0634\u0631\u0627\u0621.\" \/>\n<meta property=\"og:url\" content=\"https:\/\/www.bahgatfarms.com\/fr\/produit\/\u063a\u0646\u0645-\u0628\u0631\u0642\u0649-\u0648\u0641\u0627\u0644\u062d\u0649\/\" \/>\n<meta property=\"og:site_name\" content=\"\u0645\u0632\u0627\u0631\u0639 \u0628\u0647\u062c\u062a\" \/>\n<meta property=\"article:modified_time\" content=\"2024-11-07T16:04:27+00:00\" \/>\n<meta property=\"og:image\" content=\"https:\/\/www.bahgatfarms.com\/wp-content\/uploads\/2024\/11\/\u0635\u0648\u0631\u0629-\u0648\u0627\u062a\u0633\u0627\u0628-\u0628\u062a\u0627\u0631\u064a\u062e-1446-05-04-\u0641\u064a-19.54.03_367707e7.jpg\" \/>\n\t<meta property=\"og:image:width\" content=\"1045\" \/>\n\t<meta property=\"og:image:height\" content=\"1280\" \/>\n\t<meta property=\"og:image:type\" content=\"image\/jpeg\" \/>\n<meta name=\"twitter:card\" content=\"summary_large_image\" \/>\n<meta name=\"twitter:label1\" content=\"Dur\u00e9e de lecture estim\u00e9e\" \/>\n\t<meta name=\"twitter:data1\" content=\"1 minute\" \/>\n<script type=\"application\/ld+json\" class=\"yoast-schema-graph\">{\"@context\":\"https:\/\/schema.org\",\"@graph\":[{\"@type\":\"WebPage\",\"@id\":\"https:\/\/www.bahgatfarms.com\/product\/%d8%ba%d9%86%d9%85-%d8%a8%d8%b1%d9%82%d9%89-%d9%88%d9%81%d8%a7%d9%84%d8%ad%d9%89\/\",\"url\":\"https:\/\/www.bahgatfarms.com\/product\/%d8%ba%d9%86%d9%85-%d8%a8%d8%b1%d9%82%d9%89-%d9%88%d9%81%d8%a7%d9%84%d8%ad%d9%89\/\",\"name\":\"\u063a\u0646\u0645 \u0628\u0631\u0642\u0649 \u0648\u0641\u0627\u0644\u062d\u0649 - \u0645\u0632\u0627\u0631\u0639 \u0628\u0647\u062c\u062a\",\"isPartOf\":{\"@id\":\"http:\/\/www.bahgatfarms.com\/#website\"},\"primaryImageOfPage\":{\"@id\":\"https:\/\/www.bahgatfarms.com\/product\/%d8%ba%d9%86%d9%85-%d8%a8%d8%b1%d9%82%d9%89-%d9%88%d9%81%d8%a7%d9%84%d8%ad%d9%89\/#primaryimage\"},\"image\":{\"@id\":\"https:\/\/www.bahgatfarms.com\/product\/%d8%ba%d9%86%d9%85-%d8%a8%d8%b1%d9%82%d9%89-%d9%88%d9%81%d8%a7%d9%84%d8%ad%d9%89\/#primaryimage\"},\"thumbnailUrl\":\"https:\/\/www.bahgatfarms.com\/wp-content\/uploads\/2024\/11\/\u0635\u0648\u0631\u0629-\u0648\u0627\u062a\u0633\u0627\u0628-\u0628\u062a\u0627\u0631\u064a\u062e-1446-05-04-\u0641\u064a-19.54.03_367707e7.jpg\",\"datePublished\":\"2024-11-06T18:03:52+00:00\",\"dateModified\":\"2024-11-07T16:04:27+00:00\",\"description\":\"\u063a\u0646\u0645 \u0628\u0631\u0642\u064a \u062d\u0631\u060c \u0645\u0648\u0627\u0644\u064a\u062f \u0627\u0644\u0645\u0632\u0631\u0639\u0629\u060c \u0628\u0645\u062a\u0648\u0633\u0637 \u0623\u0648\u0632\u0627\u0646 \u064a\u062a\u0631\u0627\u0648\u062d \u0645\u0646 45 \u0643\u062c\u0645 \u0625\u0644\u0649 55 \u0643\u062c\u0645. \u062a\u062a\u0645\u064a\u0632 \u0628\u0642\u0644\u0629 \u0627\u0644\u0635\u0648\u0641 \u0648\u0623\u0642\u0644 \u0646\u0633\u0628\u0629 \u0645\u0646 \u0627\u0644\u062f\u0647\u0648\u0646. \u062d\u0627\u0635\u0644\u0629 \u0639\u0644\u0649 \u0643\u0627\u0641\u0629 \u0627\u0644\u062a\u0637\u0639\u064a\u0645\u0627\u062a \u0627\u0644\u0642\u064a\u0627\u0633\u064a\u0629 \u0627\u0644\u0644\u0627\u0632\u0645\u0629. \u0627\u0644\u063a\u0646\u0645 \u0648\u0627\u0644\u0645\u0627\u0639\u0632 \u064a\u062a\u063a\u0630\u064a\u0627\u0646 \u0639\u0644\u0649 \u0627\u0644\u0645\u0631\u0627\u0639\u064a \u0627\u0644\u0637\u0628\u064a\u0639\u064a\u0629 \u0648\u0627\u0644\u0623\u0639\u0644\u0627\u0641 \u0627\u0644\u0645\u0633\u062a\u0646\u0628\u062a\u0629\u060c \u0645\u0639 \u0627\u0646\u062e\u0641\u0627\u0636 \u0641\u064a \u0646\u0633\u0628\u0629 \u0627\u0644\u062f\u0647\u0648\u0646. \u0627\u0644\u062d\u0638\u0627\u0626\u0631 \u0648\u0627\u0644\u0645\u0631\u0627\u0628\u0637 \u0645\u062c\u0647\u0632\u0629 \u0648\u0641\u0642 \u0623\u0639\u0644\u0649 \u0645\u0639\u0627\u064a\u064a\u0631 \u0627\u0644\u0635\u062d\u0629. \u064a\u062a\u0645 \u062a\u0648\u0641\u064a\u0631 \u0643\u0627\u0631\u062a \u0627\u0644\u0623\u0648\u0632\u0627\u0646 \u0648\u0627\u0644\u062a\u0637\u0639\u064a\u0645\u0627\u062a \u0644\u0643\u0644 \u062d\u064a\u0648\u0627\u0646 \u0639\u0646\u062f \u0627\u0644\u0634\u0631\u0627\u0621.\",\"breadcrumb\":{\"@id\":\"https:\/\/www.bahgatfarms.com\/product\/%d8%ba%d9%86%d9%85-%d8%a8%d8%b1%d9%82%d9%89-%d9%88%d9%81%d8%a7%d9%84%d8%ad%d9%89\/#breadcrumb\"},\"inLanguage\":\"fr-FR\",\"potentialAction\":[{\"@type\":\"ReadAction\",\"target\":[\"https:\/\/www.bahgatfarms.com\/product\/%d8%ba%d9%86%d9%85-%d8%a8%d8%b1%d9%82%d9%89-%d9%88%d9%81%d8%a7%d9%84%d8%ad%d9%89\/\"]}]},{\"@type\":\"ImageObject\",\"inLanguage\":\"fr-FR\",\"@id\":\"https:\/\/www.bahgatfarms.com\/product\/%d8%ba%d9%86%d9%85-%d8%a8%d8%b1%d9%82%d9%89-%d9%88%d9%81%d8%a7%d9%84%d8%ad%d9%89\/#primaryimage\",\"url\":\"https:\/\/www.bahgatfarms.com\/wp-content\/uploads\/2024\/11\/\u0635\u0648\u0631\u0629-\u0648\u0627\u062a\u0633\u0627\u0628-\u0628\u062a\u0627\u0631\u064a\u062e-1446-05-04-\u0641\u064a-19.54.03_367707e7.jpg\",\"contentUrl\":\"https:\/\/www.bahgatfarms.com\/wp-content\/uploads\/2024\/11\/\u0635\u0648\u0631\u0629-\u0648\u0627\u062a\u0633\u0627\u0628-\u0628\u062a\u0627\u0631\u064a\u062e-1446-05-04-\u0641\u064a-19.54.03_367707e7.jpg\",\"width\":1045,\"height\":1280},{\"@type\":\"BreadcrumbList\",\"@id\":\"https:\/\/www.bahgatfarms.com\/product\/%d8%ba%d9%86%d9%85-%d8%a8%d8%b1%d9%82%d9%89-%d9%88%d9%81%d8%a7%d9%84%d8%ad%d9%89\/#breadcrumb\",\"itemListElement\":[{\"@type\":\"ListItem\",\"position\":1,\"name\":\"Home\",\"item\":\"http:\/\/www.bahgatfarms.com\/\"},{\"@type\":\"ListItem\",\"position\":2,\"name\":\"Produits\",\"item\":\"https:\/\/www.bahgatfarms.com\/fr\/shop\/\"},{\"@type\":\"ListItem\",\"position\":3,\"name\":\"\u063a\u0646\u0645 \u0628\u0631\u0642\u0649 \u0648\u0641\u0627\u0644\u062d\u0649\"}]},{\"@type\":\"WebSite\",\"@id\":\"http:\/\/www.bahgatfarms.com\/#website\",\"url\":\"http:\/\/www.bahgatfarms.com\/\",\"name\":\"\u0645\u0632\u0627\u0631\u0639 \u0628\u0647\u062c\u062a\",\"description\":\"\u0627\u0633\u062a\u0645\u062a\u0639 \u0628\u0623\u0641\u0636\u0644 \u062c\u0648\u062f\u0629 \u0644\u0632\u064a\u062a \u0627\u0644\u0632\u064a\u062a\u0648\u0646 \u0648\u0627\u0644\u0639\u0633\u0644 \u0627\u0644\u0637\u0628\u064a\u0639\u064a \u0648\u0627\u0644\u0644\u062d\u0648\u0645 \u0627\u0644\u0637\u0627\u0632\u062c\u0629. \u0646\u062d\u0646 \u0646\u0642\u062f\u0645 \u0645\u0646\u062a\u062c\u0627\u062a \u0637\u0628\u064a\u0639\u064a\u0629 \u0639\u0627\u0644\u064a\u0629 \u0627\u0644\u062c\u0648\u062f\u0629 \u0645\u0639 \u062a\u0648\u0635\u064a\u0644 \u0633\u0631\u064a\u0639.\",\"publisher\":{\"@id\":\"http:\/\/www.bahgatfarms.com\/#organization\"},\"potentialAction\":[{\"@type\":\"SearchAction\",\"target\":{\"@type\":\"EntryPoint\",\"urlTemplate\":\"http:\/\/www.bahgatfarms.com\/?s={search_term_string}\"},\"query-input\":{\"@type\":\"PropertyValueSpecification\",\"valueRequired\":true,\"valueName\":\"search_term_string\"}}],\"inLanguage\":\"fr-FR\"},{\"@type\":\"Organization\",\"@id\":\"http:\/\/www.bahgatfarms.com\/#organization\",\"name\":\"\u0645\u0632\u0627\u0631\u0639 \u0628\u0647\u062c\u062a\",\"url\":\"http:\/\/www.bahgatfarms.com\/\",\"logo\":{\"@type\":\"ImageObject\",\"inLanguage\":\"fr-FR\",\"@id\":\"http:\/\/www.bahgatfarms.com\/#\/schema\/logo\/image\/\",\"url\":\"https:\/\/www.bahgatfarms.com\/wp-content\/uploads\/2024\/10\/v2.png\",\"contentUrl\":\"https:\/\/www.bahgatfarms.com\/wp-content\/uploads\/2024\/10\/v2.png\",\"width\":1042,\"height\":1042,\"caption\":\"\u0645\u0632\u0627\u0631\u0639 \u0628\u0647\u062c\u062a\"},\"image\":{\"@id\":\"http:\/\/www.bahgatfarms.com\/#\/schema\/logo\/image\/\"}}]}<\/script>\n<!-- \/ Yoast SEO plugin. -->","yoast_head_json":{"title":"\u063a\u0646\u0645 \u0628\u0631\u0642\u0649 \u0648\u0641\u0627\u0644\u062d\u0649 - \u0645\u0632\u0627\u0631\u0639 \u0628\u0647\u062c\u062a","description":"\u063a\u0646\u0645 \u0628\u0631\u0642\u064a \u062d\u0631\u060c \u0645\u0648\u0627\u0644\u064a\u062f \u0627\u0644\u0645\u0632\u0631\u0639\u0629\u060c \u0628\u0645\u062a\u0648\u0633\u0637 \u0623\u0648\u0632\u0627\u0646 \u064a\u062a\u0631\u0627\u0648\u062d \u0645\u0646 45 \u0643\u062c\u0645 \u0625\u0644\u0649 55 \u0643\u062c\u0645. \u062a\u062a\u0645\u064a\u0632 \u0628\u0642\u0644\u0629 \u0627\u0644\u0635\u0648\u0641 \u0648\u0623\u0642\u0644 \u0646\u0633\u0628\u0629 \u0645\u0646 \u0627\u0644\u062f\u0647\u0648\u0646. \u062d\u0627\u0635\u0644\u0629 \u0639\u0644\u0649 \u0643\u0627\u0641\u0629 \u0627\u0644\u062a\u0637\u0639\u064a\u0645\u0627\u062a \u0627\u0644\u0642\u064a\u0627\u0633\u064a\u0629 \u0627\u0644\u0644\u0627\u0632\u0645\u0629. \u0627\u0644\u063a\u0646\u0645 \u0648\u0627\u0644\u0645\u0627\u0639\u0632 \u064a\u062a\u063a\u0630\u064a\u0627\u0646 \u0639\u0644\u0649 \u0627\u0644\u0645\u0631\u0627\u0639\u064a \u0627\u0644\u0637\u0628\u064a\u0639\u064a\u0629 \u0648\u0627\u0644\u0623\u0639\u0644\u0627\u0641 \u0627\u0644\u0645\u0633\u062a\u0646\u0628\u062a\u0629\u060c \u0645\u0639 \u0627\u0646\u062e\u0641\u0627\u0636 \u0641\u064a \u0646\u0633\u0628\u0629 \u0627\u0644\u062f\u0647\u0648\u0646. \u0627\u0644\u062d\u0638\u0627\u0626\u0631 \u0648\u0627\u0644\u0645\u0631\u0627\u0628\u0637 \u0645\u062c\u0647\u0632\u0629 \u0648\u0641\u0642 \u0623\u0639\u0644\u0649 \u0645\u0639\u0627\u064a\u064a\u0631 \u0627\u0644\u0635\u062d\u0629. \u064a\u062a\u0645 \u062a\u0648\u0641\u064a\u0631 \u0643\u0627\u0631\u062a \u0627\u0644\u0623\u0648\u0632\u0627\u0646 \u0648\u0627\u0644\u062a\u0637\u0639\u064a\u0645\u0627\u062a \u0644\u0643\u0644 \u062d\u064a\u0648\u0627\u0646 \u0639\u0646\u062f \u0627\u0644\u0634\u0631\u0627\u0621.","robots":{"index":"index","follow":"follow","max-snippet":"max-snippet:-1","max-image-preview":"max-image-preview:large","max-video-preview":"max-video-preview:-1"},"canonical":"https:\/\/www.bahgatfarms.com\/fr\/produit\/\u063a\u0646\u0645-\u0628\u0631\u0642\u0649-\u0648\u0641\u0627\u0644\u062d\u0649\/","og_locale":"fr_FR","og_type":"article","og_title":"\u063a\u0646\u0645 \u0628\u0631\u0642\u0649 \u0648\u0641\u0627\u0644\u062d\u0649 - \u0645\u0632\u0627\u0631\u0639 \u0628\u0647\u062c\u062a","og_description":"\u063a\u0646\u0645 \u0628\u0631\u0642\u064a \u062d\u0631\u060c \u0645\u0648\u0627\u0644\u064a\u062f \u0627\u0644\u0645\u0632\u0631\u0639\u0629\u060c \u0628\u0645\u062a\u0648\u0633\u0637 \u0623\u0648\u0632\u0627\u0646 \u064a\u062a\u0631\u0627\u0648\u062d \u0645\u0646 45 \u0643\u062c\u0645 \u0625\u0644\u0649 55 \u0643\u062c\u0645. \u062a\u062a\u0645\u064a\u0632 \u0628\u0642\u0644\u0629 \u0627\u0644\u0635\u0648\u0641 \u0648\u0623\u0642\u0644 \u0646\u0633\u0628\u0629 \u0645\u0646 \u0627\u0644\u062f\u0647\u0648\u0646. \u062d\u0627\u0635\u0644\u0629 \u0639\u0644\u0649 \u0643\u0627\u0641\u0629 \u0627\u0644\u062a\u0637\u0639\u064a\u0645\u0627\u062a \u0627\u0644\u0642\u064a\u0627\u0633\u064a\u0629 \u0627\u0644\u0644\u0627\u0632\u0645\u0629. \u0627\u0644\u063a\u0646\u0645 \u0648\u0627\u0644\u0645\u0627\u0639\u0632 \u064a\u062a\u063a\u0630\u064a\u0627\u0646 \u0639\u0644\u0649 \u0627\u0644\u0645\u0631\u0627\u0639\u064a \u0627\u0644\u0637\u0628\u064a\u0639\u064a\u0629 \u0648\u0627\u0644\u0623\u0639\u0644\u0627\u0641 \u0627\u0644\u0645\u0633\u062a\u0646\u0628\u062a\u0629\u060c \u0645\u0639 \u0627\u0646\u062e\u0641\u0627\u0636 \u0641\u064a \u0646\u0633\u0628\u0629 \u0627\u0644\u062f\u0647\u0648\u0646. \u0627\u0644\u062d\u0638\u0627\u0626\u0631 \u0648\u0627\u0644\u0645\u0631\u0627\u0628\u0637 \u0645\u062c\u0647\u0632\u0629 \u0648\u0641\u0642 \u0623\u0639\u0644\u0649 \u0645\u0639\u0627\u064a\u064a\u0631 \u0627\u0644\u0635\u062d\u0629. \u064a\u062a\u0645 \u062a\u0648\u0641\u064a\u0631 \u0643\u0627\u0631\u062a \u0627\u0644\u0623\u0648\u0632\u0627\u0646 \u0648\u0627\u0644\u062a\u0637\u0639\u064a\u0645\u0627\u062a \u0644\u0643\u0644 \u062d\u064a\u0648\u0627\u0646 \u0639\u0646\u062f \u0627\u0644\u0634\u0631\u0627\u0621.","og_url":"https:\/\/www.bahgatfarms.com\/fr\/produit\/\u063a\u0646\u0645-\u0628\u0631\u0642\u0649-\u0648\u0641\u0627\u0644\u062d\u0649\/","og_site_name":"\u0645\u0632\u0627\u0631\u0639 \u0628\u0647\u062c\u062a","article_modified_time":"2024-11-07T16:04:27+00:00","og_image":[{"width":1045,"height":1280,"url":"https:\/\/www.bahgatfarms.com\/wp-content\/uploads\/2024\/11\/\u0635\u0648\u0631\u0629-\u0648\u0627\u062a\u0633\u0627\u0628-\u0628\u062a\u0627\u0631\u064a\u062e-1446-05-04-\u0641\u064a-19.54.03_367707e7.jpg","type":"image\/jpeg"}],"twitter_card":"summary_large_image","twitter_misc":{"Dur\u00e9e de lecture estim\u00e9e":"1 minute"},"schema":{"@context":"https:\/\/schema.org","@graph":[{"@type":"WebPage","@id":"https:\/\/www.bahgatfarms.com\/product\/%d8%ba%d9%86%d9%85-%d8%a8%d8%b1%d9%82%d9%89-%d9%88%d9%81%d8%a7%d9%84%d8%ad%d9%89\/","url":"https:\/\/www.bahgatfarms.com\/product\/%d8%ba%d9%86%d9%85-%d8%a8%d8%b1%d9%82%d9%89-%d9%88%d9%81%d8%a7%d9%84%d8%ad%d9%89\/","name":"\u063a\u0646\u0645 \u0628\u0631\u0642\u0649 \u0648\u0641\u0627\u0644\u062d\u0649 - \u0645\u0632\u0627\u0631\u0639 \u0628\u0647\u062c\u062a","isPartOf":{"@id":"http:\/\/www.bahgatfarms.com\/#website"},"primaryImageOfPage":{"@id":"https:\/\/www.bahgatfarms.com\/product\/%d8%ba%d9%86%d9%85-%d8%a8%d8%b1%d9%82%d9%89-%d9%88%d9%81%d8%a7%d9%84%d8%ad%d9%89\/#primaryimage"},"image":{"@id":"https:\/\/www.bahgatfarms.com\/product\/%d8%ba%d9%86%d9%85-%d8%a8%d8%b1%d9%82%d9%89-%d9%88%d9%81%d8%a7%d9%84%d8%ad%d9%89\/#primaryimage"},"thumbnailUrl":"https:\/\/www.bahgatfarms.com\/wp-content\/uploads\/2024\/11\/\u0635\u0648\u0631\u0629-\u0648\u0627\u062a\u0633\u0627\u0628-\u0628\u062a\u0627\u0631\u064a\u062e-1446-05-04-\u0641\u064a-19.54.03_367707e7.jpg","datePublished":"2024-11-06T18:03:52+00:00","dateModified":"2024-11-07T16:04:27+00:00","description":"\u063a\u0646\u0645 \u0628\u0631\u0642\u064a \u062d\u0631\u060c \u0645\u0648\u0627\u0644\u064a\u062f \u0627\u0644\u0645\u0632\u0631\u0639\u0629\u060c \u0628\u0645\u062a\u0648\u0633\u0637 \u0623\u0648\u0632\u0627\u0646 \u064a\u062a\u0631\u0627\u0648\u062d \u0645\u0646 45 \u0643\u062c\u0645 \u0625\u0644\u0649 55 \u0643\u062c\u0645. \u062a\u062a\u0645\u064a\u0632 \u0628\u0642\u0644\u0629 \u0627\u0644\u0635\u0648\u0641 \u0648\u0623\u0642\u0644 \u0646\u0633\u0628\u0629 \u0645\u0646 \u0627\u0644\u062f\u0647\u0648\u0646. \u062d\u0627\u0635\u0644\u0629 \u0639\u0644\u0649 \u0643\u0627\u0641\u0629 \u0627\u0644\u062a\u0637\u0639\u064a\u0645\u0627\u062a \u0627\u0644\u0642\u064a\u0627\u0633\u064a\u0629 \u0627\u0644\u0644\u0627\u0632\u0645\u0629. \u0627\u0644\u063a\u0646\u0645 \u0648\u0627\u0644\u0645\u0627\u0639\u0632 \u064a\u062a\u063a\u0630\u064a\u0627\u0646 \u0639\u0644\u0649 \u0627\u0644\u0645\u0631\u0627\u0639\u064a \u0627\u0644\u0637\u0628\u064a\u0639\u064a\u0629 \u0648\u0627\u0644\u0623\u0639\u0644\u0627\u0641 \u0627\u0644\u0645\u0633\u062a\u0646\u0628\u062a\u0629\u060c \u0645\u0639 \u0627\u0646\u062e\u0641\u0627\u0636 \u0641\u064a \u0646\u0633\u0628\u0629 \u0627\u0644\u062f\u0647\u0648\u0646. \u0627\u0644\u062d\u0638\u0627\u0626\u0631 \u0648\u0627\u0644\u0645\u0631\u0627\u0628\u0637 \u0645\u062c\u0647\u0632\u0629 \u0648\u0641\u0642 \u0623\u0639\u0644\u0649 \u0645\u0639\u0627\u064a\u064a\u0631 \u0627\u0644\u0635\u062d\u0629. \u064a\u062a\u0645 \u062a\u0648\u0641\u064a\u0631 \u0643\u0627\u0631\u062a \u0627\u0644\u0623\u0648\u0632\u0627\u0646 \u0648\u0627\u0644\u062a\u0637\u0639\u064a\u0645\u0627\u062a \u0644\u0643\u0644 \u062d\u064a\u0648\u0627\u0646 \u0639\u0646\u062f \u0627\u0644\u0634\u0631\u0627\u0621.","breadcrumb":{"@id":"https:\/\/www.bahgatfarms.com\/product\/%d8%ba%d9%86%d9%85-%d8%a8%d8%b1%d9%82%d9%89-%d9%88%d9%81%d8%a7%d9%84%d8%ad%d9%89\/#breadcrumb"},"inLanguage":"fr-FR","potentialAction":[{"@type":"ReadAction","target":["https:\/\/www.bahgatfarms.com\/product\/%d8%ba%d9%86%d9%85-%d8%a8%d8%b1%d9%82%d9%89-%d9%88%d9%81%d8%a7%d9%84%d8%ad%d9%89\/"]}]},{"@type":"ImageObject","inLanguage":"fr-FR","@id":"https:\/\/www.bahgatfarms.com\/product\/%d8%ba%d9%86%d9%85-%d8%a8%d8%b1%d9%82%d9%89-%d9%88%d9%81%d8%a7%d9%84%d8%ad%d9%89\/#primaryimage","url":"https:\/\/www.bahgatfarms.com\/wp-content\/uploads\/2024\/11\/\u0635\u0648\u0631\u0629-\u0648\u0627\u062a\u0633\u0627\u0628-\u0628\u062a\u0627\u0631\u064a\u062e-1446-05-04-\u0641\u064a-19.54.03_367707e7.jpg","contentUrl":"https:\/\/www.bahgatfarms.com\/wp-content\/uploads\/2024\/11\/\u0635\u0648\u0631\u0629-\u0648\u0627\u062a\u0633\u0627\u0628-\u0628\u062a\u0627\u0631\u064a\u062e-1446-05-04-\u0641\u064a-19.54.03_367707e7.jpg","width":1045,"height":1280},{"@type":"BreadcrumbList","@id":"https:\/\/www.bahgatfarms.com\/product\/%d8%ba%d9%86%d9%85-%d8%a8%d8%b1%d9%82%d9%89-%d9%88%d9%81%d8%a7%d9%84%d8%ad%d9%89\/#breadcrumb","itemListElement":[{"@type":"ListItem","position":1,"name":"Home","item":"http:\/\/www.bahgatfarms.com\/"},{"@type":"ListItem","position":2,"name":"Produits","item":"https:\/\/www.bahgatfarms.com\/fr\/shop\/"},{"@type":"ListItem","position":3,"name":"\u063a\u0646\u0645 \u0628\u0631\u0642\u0649 \u0648\u0641\u0627\u0644\u062d\u0649"}]},{"@type":"WebSite","@id":"http:\/\/www.bahgatfarms.com\/#website","url":"http:\/\/www.bahgatfarms.com\/","name":"\u0645\u0632\u0627\u0631\u0639 \u0628\u0647\u062c\u062a","description":"\u0627\u0633\u062a\u0645\u062a\u0639 \u0628\u0623\u0641\u0636\u0644 \u062c\u0648\u062f\u0629 \u0644\u0632\u064a\u062a \u0627\u0644\u0632\u064a\u062a\u0648\u0646 \u0648\u0627\u0644\u0639\u0633\u0644 \u0627\u0644\u0637\u0628\u064a\u0639\u064a \u0648\u0627\u0644\u0644\u062d\u0648\u0645 \u0627\u0644\u0637\u0627\u0632\u062c\u0629. \u0646\u062d\u0646 \u0646\u0642\u062f\u0645 \u0645\u0646\u062a\u062c\u0627\u062a \u0637\u0628\u064a\u0639\u064a\u0629 \u0639\u0627\u0644\u064a\u0629 \u0627\u0644\u062c\u0648\u062f\u0629 \u0645\u0639 \u062a\u0648\u0635\u064a\u0644 \u0633\u0631\u064a\u0639.","publisher":{"@id":"http:\/\/www.bahgatfarms.com\/#organization"},"potentialAction":[{"@type":"SearchAction","target":{"@type":"EntryPoint","urlTemplate":"http:\/\/www.bahgatfarms.com\/?s={search_term_string}"},"query-input":{"@type":"PropertyValueSpecification","valueRequired":true,"valueName":"search_term_string"}}],"inLanguage":"fr-FR"},{"@type":"Organization","@id":"http:\/\/www.bahgatfarms.com\/#organization","name":"\u0645\u0632\u0627\u0631\u0639 \u0628\u0647\u062c\u062a","url":"http:\/\/www.bahgatfarms.com\/","logo":{"@type":"ImageObject","inLanguage":"fr-FR","@id":"http:\/\/www.bahgatfarms.com\/#\/schema\/logo\/image\/","url":"https:\/\/www.bahgatfarms.com\/wp-content\/uploads\/2024\/10\/v2.png","contentUrl":"https:\/\/www.bahgatfarms.com\/wp-content\/uploads\/2024\/10\/v2.png","width":1042,"height":1042,"caption":"\u0645\u0632\u0627\u0631\u0639 \u0628\u0647\u062c\u062a"},"image":{"@id":"http:\/\/www.bahgatfarms.com\/#\/schema\/logo\/image\/"}}]}},"_links":{"self":[{"href":"https:\/\/www.bahgatfarms.com\/fr\/wp-json\/wp\/v2\/product\/1661","targetHints":{"allow":["GET"]}}],"collection":[{"href":"https:\/\/www.bahgatfarms.com\/fr\/wp-json\/wp\/v2\/product"}],"about":[{"href":"https:\/\/www.bahgatfarms.com\/fr\/wp-json\/wp\/v2\/types\/product"}],"replies":[{"embeddable":true,"href":"https:\/\/www.bahgatfarms.com\/fr\/wp-json\/wp\/v2\/comments?post=1661"}],"wp:featuredmedia":[{"embeddable":true,"href":"https:\/\/www.bahgatfarms.com\/fr\/wp-json\/wp\/v2\/media\/1662"}],"wp:attachment":[{"href":"https:\/\/www.bahgatfarms.com\/fr\/wp-json\/wp\/v2\/media?parent=1661"}],"wp:term":[{"taxonomy":"product_brand","embeddable":true,"href":"https:\/\/www.bahgatfarms.com\/fr\/wp-json\/wp\/v2\/product_brand?post=1661"},{"taxonomy":"product_cat","embeddable":true,"href":"https:\/\/www.bahgatfarms.com\/fr\/wp-json\/wp\/v2\/product_cat?post=1661"},{"taxonomy":"product_tag","embeddable":true,"href":"https:\/\/www.bahgatfarms.com\/fr\/wp-json\/wp\/v2\/product_tag?post=1661"}],"curies":[{"name":"wp","href":"https:\/\/api.w.org\/{rel}","templated":true}]}}